{"id":186,"date":"2025-06-06T02:18:37","date_gmt":"2025-06-05T18:18:37","guid":{"rendered":"https:\/\/www.ledsvip.com\/?page_id=186"},"modified":"2025-06-26T10:51:25","modified_gmt":"2025-06-26T02:51:25","slug":"produits","status":"publish","type":"page","link":"https:\/\/www.ledphotometer.com\/fr\/produits\/","title":{"rendered":"Produits"},"content":{"rendered":"<div data-elementor-type=\"wp-page\" data-elementor-id=\"186\" class=\"elementor elementor-186\" data-elementor-post-type=\"page\">\n\t\t\t\t<div class=\"elementor-element elementor-element-9a707ed e-flex e-con-boxed e-con e-parent\" data-id=\"9a707ed\" data-element_type=\"container\" data-e-type=\"container\">\n\t\t\t\t\t<div class=\"e-con-inner\">\n\t\t<div class=\"elementor-element elementor-element-dc8c21f e-con-full e-flex e-con e-child\" data-id=\"dc8c21f\" data-element_type=\"container\" data-e-type=\"container\">\n\t\t\t\t<div class=\"elementor-element elementor-element-6a6b3e3 elementor-widget-divider--view-line_text elementor-widget-divider--element-align-left elementor-widget elementor-widget-divider\" data-id=\"6a6b3e3\" data-element_type=\"widget\" data-e-type=\"widget\" data-widget_type=\"divider.default\">\n\t\t\t\t<div class=\"elementor-widget-container\">\n\t\t\t\t\t\t\t<div class=\"elementor-divider\">\n\t\t\t<span class=\"elementor-divider-separator\">\n\t\t\t\t\t\t\t<div class=\"elementor-divider__text elementor-divider__element\">\n\t\t\t\tNos produits\t\t\t\t<\/div>\n\t\t\t\t\t\t<\/span>\n\t\t<\/div>\n\t\t\t\t\t\t<\/div>\n\t\t\t\t<\/div>\n\t\t\t\t<div class=\"elementor-element elementor-element-9601ac7 elementor-posts--align-center elementor-grid-4 elementor-grid-tablet-2 elementor-grid-mobile-1 elementor-posts--thumbnail-top elementor-widget elementor-widget-posts\" data-id=\"9601ac7\" data-element_type=\"widget\" data-e-type=\"widget\" data-settings=\"{&quot;classic_columns&quot;:&quot;4&quot;,&quot;pagination_type&quot;:&quot;numbers_and_prev_next&quot;,&quot;classic_columns_tablet&quot;:&quot;2&quot;,&quot;classic_columns_mobile&quot;:&quot;1&quot;,&quot;classic_row_gap&quot;:{&quot;unit&quot;:&quot;px&quot;,&quot;size&quot;:35,&quot;sizes&quot;:[]},&quot;classic_row_gap_tablet&quot;:{&quot;unit&quot;:&quot;px&quot;,&quot;size&quot;:&quot;&quot;,&quot;sizes&quot;:[]},&quot;classic_row_gap_mobile&quot;:{&quot;unit&quot;:&quot;px&quot;,&quot;size&quot;:&quot;&quot;,&quot;sizes&quot;:[]}}\" data-widget_type=\"posts.classic\">\n\t\t\t\t<div class=\"elementor-widget-container\">\n\t\t\t\t\t\t\t<div class=\"elementor-posts-container elementor-posts elementor-posts--skin-classic elementor-grid\" role=\"list\">\n\t\t\t\t<article class=\"elementor-post elementor-grid-item post-2325 post type-post status-publish format-standard has-post-thumbnail hentry category-products tag-lsg-6000\" role=\"listitem\">\n\t\t\t\t<a class=\"elementor-post__thumbnail__link\" href=\"https:\/\/www.ledphotometer.com\/fr\/produits\/lm-79-detecteur-mobile-goniophotometre-miroir-type-c\/\" tabindex=\"-1\" >\n\t\t\t<div class=\"elementor-post__thumbnail\"><img fetchpriority=\"high\" decoding=\"async\" width=\"1200\" height=\"1200\" src=\"https:\/\/www.ledphotometer.com\/wp-content\/uploads\/2025\/06\/LSG-6000_AL.jpg\" class=\"attachment-full size-full wp-image-3510\" alt=\"\" title=\"\" srcset=\"https:\/\/www.ledphotometer.com\/wp-content\/uploads\/2025\/06\/LSG-6000_AL.jpg 1200w, https:\/\/www.ledphotometer.com\/wp-content\/uploads\/2025\/06\/LSG-6000_AL-300x300.jpg 300w, https:\/\/www.ledphotometer.com\/wp-content\/uploads\/2025\/06\/LSG-6000_AL-1024x1024.jpg 1024w, https:\/\/www.ledphotometer.com\/wp-content\/uploads\/2025\/06\/LSG-6000_AL-150x150.jpg 150w, https:\/\/www.ledphotometer.com\/wp-content\/uploads\/2025\/06\/LSG-6000_AL-768x768.jpg 768w, https:\/\/www.ledphotometer.com\/wp-content\/uploads\/2025\/06\/LSG-6000_AL-12x12.jpg 12w\" sizes=\"(max-width: 1200px) 100vw, 1200px\" \/><\/div>\n\t\t<\/a>\n\t\t\t\t<div class=\"elementor-post__text\">\n\t\t\t\t<h3 class=\"elementor-post__title\">\n\t\t\t<a href=\"https:\/\/www.ledphotometer.com\/fr\/produits\/lm-79-detecteur-mobile-goniophotometre-miroir-type-c\/\" >\n\t\t\t\tLM-79 D\u00e9tecteur de champ lointain et proche goniophotom\u00e8tre\t\t\t<\/a>\n\t\t<\/h3>\n\t\t\t\t<\/div>\n\t\t\t\t<\/article>\n\t\t\t\t<article class=\"elementor-post elementor-grid-item post-2326 post type-post status-publish format-standard has-post-thumbnail hentry category-products tag-lsg-1890bccd\" role=\"listitem\">\n\t\t\t\t<a class=\"elementor-post__thumbnail__link\" href=\"https:\/\/www.ledphotometer.com\/fr\/produits\/goniospectroradiometre-a-luminaire-rotatif-de-haute-precision\/\" tabindex=\"-1\" >\n\t\t\t<div class=\"elementor-post__thumbnail\"><img decoding=\"async\" width=\"1200\" height=\"1200\" src=\"https:\/\/www.ledphotometer.com\/wp-content\/uploads\/2025\/06\/LSG-1890B_AL1.jpg\" class=\"attachment-full size-full wp-image-4769\" alt=\"\" title=\"\" srcset=\"https:\/\/www.ledphotometer.com\/wp-content\/uploads\/2025\/06\/LSG-1890B_AL1.jpg 1200w, https:\/\/www.ledphotometer.com\/wp-content\/uploads\/2025\/06\/LSG-1890B_AL1-300x300.jpg 300w, https:\/\/www.ledphotometer.com\/wp-content\/uploads\/2025\/06\/LSG-1890B_AL1-1024x1024.jpg 1024w, https:\/\/www.ledphotometer.com\/wp-content\/uploads\/2025\/06\/LSG-1890B_AL1-150x150.jpg 150w, https:\/\/www.ledphotometer.com\/wp-content\/uploads\/2025\/06\/LSG-1890B_AL1-768x768.jpg 768w, https:\/\/www.ledphotometer.com\/wp-content\/uploads\/2025\/06\/LSG-1890B_AL1-12x12.jpg 12w\" sizes=\"(max-width: 1200px) 100vw, 1200px\" \/><\/div>\n\t\t<\/a>\n\t\t\t\t<div class=\"elementor-post__text\">\n\t\t\t\t<h3 class=\"elementor-post__title\">\n\t\t\t<a href=\"https:\/\/www.ledphotometer.com\/fr\/produits\/goniospectroradiometre-a-luminaire-rotatif-de-haute-precision\/\" >\n\t\t\t\tGoniospectroradiom\u00e8tre de haute pr\u00e9cision pour luminaires rotatifs\t\t\t<\/a>\n\t\t<\/h3>\n\t\t\t\t<\/div>\n\t\t\t\t<\/article>\n\t\t\t\t<article class=\"elementor-post elementor-grid-item post-2327 post type-post status-publish format-standard has-post-thumbnail hentry category-products tag-lpce-2lms-9000\" role=\"listitem\">\n\t\t\t\t<a class=\"elementor-post__thumbnail__link\" href=\"https:\/\/www.ledphotometer.com\/fr\/produits\/spectroradiometre-de-haute-precision-systeme-de-sphere-integrante-2\/\" tabindex=\"-1\" >\n\t\t\t<div class=\"elementor-post__thumbnail\"><img decoding=\"async\" width=\"1200\" height=\"1200\" src=\"https:\/\/www.ledphotometer.com\/wp-content\/uploads\/2025\/06\/LPCE-2LMS-9000_AL.jpg\" class=\"attachment-full size-full wp-image-3432\" alt=\"\" title=\"\" srcset=\"https:\/\/www.ledphotometer.com\/wp-content\/uploads\/2025\/06\/LPCE-2LMS-9000_AL.jpg 1200w, https:\/\/www.ledphotometer.com\/wp-content\/uploads\/2025\/06\/LPCE-2LMS-9000_AL-300x300.jpg 300w, https:\/\/www.ledphotometer.com\/wp-content\/uploads\/2025\/06\/LPCE-2LMS-9000_AL-1024x1024.jpg 1024w, https:\/\/www.ledphotometer.com\/wp-content\/uploads\/2025\/06\/LPCE-2LMS-9000_AL-150x150.jpg 150w, https:\/\/www.ledphotometer.com\/wp-content\/uploads\/2025\/06\/LPCE-2LMS-9000_AL-768x768.jpg 768w, https:\/\/www.ledphotometer.com\/wp-content\/uploads\/2025\/06\/LPCE-2LMS-9000_AL-12x12.jpg 12w\" sizes=\"(max-width: 1200px) 100vw, 1200px\" \/><\/div>\n\t\t<\/a>\n\t\t\t\t<div class=\"elementor-post__text\">\n\t\t\t\t<h3 class=\"elementor-post__title\">\n\t\t\t<a href=\"https:\/\/www.ledphotometer.com\/fr\/produits\/spectroradiometre-de-haute-precision-systeme-de-sphere-integrante-2\/\" >\n\t\t\t\tLM-79 Syst\u00e8me de sph\u00e8re d'int\u00e9gration photom\u00e9trique et \u00e9lectrique\t\t\t<\/a>\n\t\t<\/h3>\n\t\t\t\t<\/div>\n\t\t\t\t<\/article>\n\t\t\t\t<article class=\"elementor-post elementor-grid-item post-2328 post type-post status-publish format-standard has-post-thumbnail hentry category-products tag-lms-6000\" role=\"listitem\">\n\t\t\t\t<a class=\"elementor-post__thumbnail__link\" href=\"https:\/\/www.ledphotometer.com\/fr\/produits\/portable-ccd-spectroradiometer-2\/\" tabindex=\"-1\" >\n\t\t\t<div class=\"elementor-post__thumbnail\"><img loading=\"lazy\" decoding=\"async\" width=\"1200\" height=\"1200\" src=\"https:\/\/www.ledphotometer.com\/wp-content\/uploads\/2025\/06\/LMS-6000_AL.jpg\" class=\"attachment-full size-full wp-image-3419\" alt=\"\" title=\"\" srcset=\"https:\/\/www.ledphotometer.com\/wp-content\/uploads\/2025\/06\/LMS-6000_AL.jpg 1200w, https:\/\/www.ledphotometer.com\/wp-content\/uploads\/2025\/06\/LMS-6000_AL-300x300.jpg 300w, https:\/\/www.ledphotometer.com\/wp-content\/uploads\/2025\/06\/LMS-6000_AL-1024x1024.jpg 1024w, https:\/\/www.ledphotometer.com\/wp-content\/uploads\/2025\/06\/LMS-6000_AL-150x150.jpg 150w, https:\/\/www.ledphotometer.com\/wp-content\/uploads\/2025\/06\/LMS-6000_AL-768x768.jpg 768w, https:\/\/www.ledphotometer.com\/wp-content\/uploads\/2025\/06\/LMS-6000_AL-12x12.jpg 12w\" sizes=\"(max-width: 1200px) 100vw, 1200px\" \/><\/div>\n\t\t<\/a>\n\t\t\t\t<div class=\"elementor-post__text\">\n\t\t\t\t<h3 class=\"elementor-post__title\">\n\t\t\t<a href=\"https:\/\/www.ledphotometer.com\/fr\/produits\/portable-ccd-spectroradiometer-2\/\" >\n\t\t\t\tSpectroradiom\u00e8tre portable\t\t\t<\/a>\n\t\t<\/h3>\n\t\t\t\t<\/div>\n\t\t\t\t<\/article>\n\t\t\t\t<article class=\"elementor-post elementor-grid-item post-2329 post type-post status-publish format-standard has-post-thumbnail hentry category-products tag-emi-9kb\" role=\"listitem\">\n\t\t\t\t<a class=\"elementor-post__thumbnail__link\" href=\"https:\/\/www.ledphotometer.com\/fr\/produits\/recepteur-de-test-emi-2\/\" tabindex=\"-1\" >\n\t\t\t<div class=\"elementor-post__thumbnail\"><img loading=\"lazy\" decoding=\"async\" width=\"1200\" height=\"1200\" src=\"https:\/\/www.ledphotometer.com\/wp-content\/uploads\/2025\/06\/EMI-9KB_AL.jpg\" class=\"attachment-full size-full wp-image-3222\" alt=\"\" title=\"\" srcset=\"https:\/\/www.ledphotometer.com\/wp-content\/uploads\/2025\/06\/EMI-9KB_AL.jpg 1200w, https:\/\/www.ledphotometer.com\/wp-content\/uploads\/2025\/06\/EMI-9KB_AL-300x300.jpg 300w, https:\/\/www.ledphotometer.com\/wp-content\/uploads\/2025\/06\/EMI-9KB_AL-1024x1024.jpg 1024w, https:\/\/www.ledphotometer.com\/wp-content\/uploads\/2025\/06\/EMI-9KB_AL-150x150.jpg 150w, https:\/\/www.ledphotometer.com\/wp-content\/uploads\/2025\/06\/EMI-9KB_AL-768x768.jpg 768w, https:\/\/www.ledphotometer.com\/wp-content\/uploads\/2025\/06\/EMI-9KB_AL-12x12.jpg 12w\" sizes=\"(max-width: 1200px) 100vw, 1200px\" \/><\/div>\n\t\t<\/a>\n\t\t\t\t<div class=\"elementor-post__text\">\n\t\t\t\t<h3 class=\"elementor-post__title\">\n\t\t\t<a href=\"https:\/\/www.ledphotometer.com\/fr\/produits\/recepteur-de-test-emi-2\/\" >\n\t\t\t\tEN55015 EN55022 EMI Conducted Harassment Test System (syst\u00e8me de test de harc\u00e8lement par conduction)\t\t\t<\/a>\n\t\t<\/h3>\n\t\t\t\t<\/div>\n\t\t\t\t<\/article>\n\t\t\t\t<article class=\"elementor-post elementor-grid-item post-2330 post type-post status-publish format-standard has-post-thumbnail hentry category-products tag-sg61000-5\" role=\"listitem\">\n\t\t\t\t<a class=\"elementor-post__thumbnail__link\" href=\"https:\/\/www.ledphotometer.com\/fr\/produits\/generateur-de-surtension-2\/\" tabindex=\"-1\" >\n\t\t\t<div class=\"elementor-post__thumbnail\"><img loading=\"lazy\" decoding=\"async\" width=\"1200\" height=\"1200\" src=\"https:\/\/www.ledphotometer.com\/wp-content\/uploads\/2025\/06\/SG61000-5_AL.jpg\" class=\"attachment-full size-full wp-image-3576\" alt=\"\" title=\"\" srcset=\"https:\/\/www.ledphotometer.com\/wp-content\/uploads\/2025\/06\/SG61000-5_AL.jpg 1200w, https:\/\/www.ledphotometer.com\/wp-content\/uploads\/2025\/06\/SG61000-5_AL-300x300.jpg 300w, https:\/\/www.ledphotometer.com\/wp-content\/uploads\/2025\/06\/SG61000-5_AL-1024x1024.jpg 1024w, https:\/\/www.ledphotometer.com\/wp-content\/uploads\/2025\/06\/SG61000-5_AL-150x150.jpg 150w, https:\/\/www.ledphotometer.com\/wp-content\/uploads\/2025\/06\/SG61000-5_AL-768x768.jpg 768w, https:\/\/www.ledphotometer.com\/wp-content\/uploads\/2025\/06\/SG61000-5_AL-12x12.jpg 12w\" sizes=\"(max-width: 1200px) 100vw, 1200px\" \/><\/div>\n\t\t<\/a>\n\t\t\t\t<div class=\"elementor-post__text\">\n\t\t\t\t<h3 class=\"elementor-post__title\">\n\t\t\t<a href=\"https:\/\/www.ledphotometer.com\/fr\/produits\/generateur-de-surtension-2\/\" >\n\t\t\t\tIEC 61000-4-5 Immunit\u00e9 aux surtensions dues \u00e0 la foudre\t\t\t<\/a>\n\t\t<\/h3>\n\t\t\t\t<\/div>\n\t\t\t\t<\/article>\n\t\t\t\t<article class=\"elementor-post elementor-grid-item post-2331 post type-post status-publish format-standard has-post-thumbnail hentry category-products tag-jl-x\" role=\"listitem\">\n\t\t\t\t<a class=\"elementor-post__thumbnail__link\" href=\"https:\/\/www.ledphotometer.com\/fr\/produits\/equipements-dessai-detancheite-ip\/\" tabindex=\"-1\" >\n\t\t\t<div class=\"elementor-post__thumbnail\"><img loading=\"lazy\" decoding=\"async\" width=\"1200\" height=\"1200\" src=\"https:\/\/www.ledphotometer.com\/wp-content\/uploads\/2025\/06\/JL-X_AL.jpg\" class=\"attachment-full size-full wp-image-3403\" alt=\"\" title=\"\" srcset=\"https:\/\/www.ledphotometer.com\/wp-content\/uploads\/2025\/06\/JL-X_AL.jpg 1200w, https:\/\/www.ledphotometer.com\/wp-content\/uploads\/2025\/06\/JL-X_AL-300x300.jpg 300w, https:\/\/www.ledphotometer.com\/wp-content\/uploads\/2025\/06\/JL-X_AL-1024x1024.jpg 1024w, https:\/\/www.ledphotometer.com\/wp-content\/uploads\/2025\/06\/JL-X_AL-150x150.jpg 150w, https:\/\/www.ledphotometer.com\/wp-content\/uploads\/2025\/06\/JL-X_AL-768x768.jpg 768w, https:\/\/www.ledphotometer.com\/wp-content\/uploads\/2025\/06\/JL-X_AL-12x12.jpg 12w\" sizes=\"(max-width: 1200px) 100vw, 1200px\" \/><\/div>\n\t\t<\/a>\n\t\t\t\t<div class=\"elementor-post__text\">\n\t\t\t\t<h3 class=\"elementor-post__title\">\n\t\t\t<a href=\"https:\/\/www.ledphotometer.com\/fr\/produits\/equipements-dessai-detancheite-ip\/\" >\n\t\t\t\tIEC60529 Testeur d'\u00e9tanch\u00e9it\u00e9\t\t\t<\/a>\n\t\t<\/h3>\n\t\t\t\t<\/div>\n\t\t\t\t<\/article>\n\t\t\t\t<article class=\"elementor-post elementor-grid-item post-2332 post type-post status-publish format-standard has-post-thumbnail hentry category-products tag-gdjs-015b\" role=\"listitem\">\n\t\t\t\t<a class=\"elementor-post__thumbnail__link\" href=\"https:\/\/www.ledphotometer.com\/fr\/produits\/temperature-chambre-dhumidite-chambre-thermique\/\" tabindex=\"-1\" >\n\t\t\t<div class=\"elementor-post__thumbnail\"><img loading=\"lazy\" decoding=\"async\" width=\"1200\" height=\"1200\" src=\"https:\/\/www.ledphotometer.com\/wp-content\/uploads\/2025\/06\/GDJS_AL-1.jpg\" class=\"attachment-full size-full wp-image-4771\" alt=\"\" title=\"\" srcset=\"https:\/\/www.ledphotometer.com\/wp-content\/uploads\/2025\/06\/GDJS_AL-1.jpg 1200w, https:\/\/www.ledphotometer.com\/wp-content\/uploads\/2025\/06\/GDJS_AL-1-300x300.jpg 300w, https:\/\/www.ledphotometer.com\/wp-content\/uploads\/2025\/06\/GDJS_AL-1-1024x1024.jpg 1024w, https:\/\/www.ledphotometer.com\/wp-content\/uploads\/2025\/06\/GDJS_AL-1-150x150.jpg 150w, https:\/\/www.ledphotometer.com\/wp-content\/uploads\/2025\/06\/GDJS_AL-1-768x768.jpg 768w, https:\/\/www.ledphotometer.com\/wp-content\/uploads\/2025\/06\/GDJS_AL-1-12x12.jpg 12w\" sizes=\"(max-width: 1200px) 100vw, 1200px\" \/><\/div>\n\t\t<\/a>\n\t\t\t\t<div class=\"elementor-post__text\">\n\t\t\t\t<h3 class=\"elementor-post__title\">\n\t\t\t<a href=\"https:\/\/www.ledphotometer.com\/fr\/produits\/temperature-chambre-dhumidite-chambre-thermique\/\" >\n\t\t\t\tChambre d'essais environnementaux pour la temp\u00e9rature et l'humidit\u00e9 IEC60068\t\t\t<\/a>\n\t\t<\/h3>\n\t\t\t\t<\/div>\n\t\t\t\t<\/article>\n\t\t\t\t<\/div>\n\t\t\n\t\t\t\t<div class=\"e-load-more-anchor\" data-page=\"1\" data-max-page=\"74\" data-next-page=\"https:\/\/www.ledphotometer.com\/wp-json\/wp\/v2\/pages\/186\/page\/2\/\"><\/div>\n\t\t\t\t<nav class=\"elementor-pagination\" aria-label=\"Pagination\">\n\t\t\t<span class=\"page-numbers prev\">\" Pr\u00e9c\u00e9dent<\/span>\n<span aria-current=\"page\" class=\"page-numbers current\"><span class=\"elementor-screen-only\">Page<\/span>1<\/span>\n<a class=\"page-numbers\" href=\"https:\/\/www.ledphotometer.com\/wp-json\/wp\/v2\/pages\/186\/page\/2\/\"><span class=\"elementor-screen-only\">Page<\/span>2<\/a>\n<a class=\"page-numbers\" href=\"https:\/\/www.ledphotometer.com\/wp-json\/wp\/v2\/pages\/186\/page\/3\/\"><span class=\"elementor-screen-only\">Page<\/span>3<\/a>\n<span class=\"page-numbers dots\">\u2026<\/span>\n<a class=\"page-numbers\" href=\"https:\/\/www.ledphotometer.com\/wp-json\/wp\/v2\/pages\/186\/page\/74\/\"><span class=\"elementor-screen-only\">Page<\/span>74<\/a>\n<a class=\"page-numbers next\" href=\"https:\/\/www.ledphotometer.com\/wp-json\/wp\/v2\/pages\/186\/page\/2\/\">Suivant \"<\/a>\t\t<\/nav>\n\t\t\t\t\t\t<\/div>\n\t\t\t\t<\/div>\n\t\t\t\t<\/div>\n\t\t\t\t\t<\/div>\n\t\t\t\t<\/div>\n\t\t\t\t<\/div>","protected":false},"excerpt":{"rendered":"<p>Nos produits<\/p>","protected":false},"author":1,"featured_media":0,"parent":0,"menu_order":0,"comment_status":"closed","ping_status":"closed","template":"","meta":{"footnotes":""},"class_list":["post-186","page","type-page","status-publish","hentry"],"_links":{"self":[{"href":"https:\/\/www.ledphotometer.com\/fr\/wp-json\/wp\/v2\/pages\/186","targetHints":{"allow":["GET"]}}],"collection":[{"href":"https:\/\/www.ledphotometer.com\/fr\/wp-json\/wp\/v2\/pages"}],"about":[{"href":"https:\/\/www.ledphotometer.com\/fr\/wp-json\/wp\/v2\/types\/page"}],"author":[{"embeddable":true,"href":"https:\/\/www.ledphotometer.com\/fr\/wp-json\/wp\/v2\/users\/1"}],"replies":[{"embeddable":true,"href":"https:\/\/www.ledphotometer.com\/fr\/wp-json\/wp\/v2\/comments?post=186"}],"version-history":[{"count":0,"href":"https:\/\/www.ledphotometer.com\/fr\/wp-json\/wp\/v2\/pages\/186\/revisions"}],"wp:attachment":[{"href":"https:\/\/www.ledphotometer.com\/fr\/wp-json\/wp\/v2\/media?parent=186"}],"curies":[{"name":"wp","href":"https:\/\/api.w.org\/{rel}","templated":true}]}}